{"id":1389,"date":"2022-05-23T13:35:21","date_gmt":"2022-05-23T11:35:21","guid":{"rendered":"https:\/\/www.redispatch3.eu\/?page_id=1389"},"modified":"2022-06-22T23:35:09","modified_gmt":"2022-06-22T21:35:09","slug":"contact-offis","status":"publish","type":"page","link":"https:\/\/www.redispatch3.eu\/de\/cooperation\/contact-offis\/","title":{"rendered":"OFFIS"},"content":{"rendered":"<div class=\"fusion-fullwidth fullwidth-box fusion-builder-row-1 fusion-flex-container nonhundred-percent-fullwidth non-hundred-percent-height-scrolling\" style=\"--awb-border-color:var(--awb-custom_color_1);--awb-border-radius-top-left:0px;--awb-border-radius-top-right:0px;--awb-border-radius-bottom-right:0px;--awb-border-radius-bottom-left:0px;--awb-padding-right:0px;--awb-padding-left:0px;--awb-flex-wrap:wrap;\" ><div class=\"fusion-builder-row fusion-row fusion-flex-align-items-center fusion-flex-justify-content-center fusion-flex-content-wrap\" style=\"max-width:1216.8px;margin-left: calc(-4% \/ 2 );margin-right: calc(-4% \/ 2 );\"><div class=\"fusion-layout-column fusion_builder_column fusion-builder-column-0 fusion_builder_column_1_1 1_1 fusion-flex-column\" style=\"--awb-padding-right:5px;--awb-bg-size:cover;--awb-width-large:100%;--awb-margin-top-large:0px;--awb-spacing-right-large:0%;--awb-margin-bottom-large:20px;--awb-spacing-left-large:0%;--awb-width-medium:100%;--awb-order-medium:0;--awb-spacing-right-medium:1.92%;--awb-spacing-left-medium:1.92%;--awb-width-small:100%;--awb-order-small:0;--awb-spacing-right-small:1.92%;--awb-spacing-left-small:1.92%;\"><div class=\"fusion-column-wrapper fusion-column-has-shadow fusion-flex-justify-content-flex-start fusion-content-layout-column\"><div class=\"fusion-image-element\" style=\"text-align:center;--awb-caption-title-font-family:var(--h2_typography-font-family);--awb-caption-title-font-weight:var(--h2_typography-font-weight);--awb-caption-title-font-style:var(--h2_typography-font-style);--awb-caption-title-size:var(--h2_typography-font-size);--awb-caption-title-transform:var(--h2_typography-text-transform);--awb-caption-title-line-height:var(--h2_typography-line-height);--awb-caption-title-letter-spacing:var(--h2_typography-letter-spacing);\"><span class=\"fusion-imageframe imageframe-none imageframe-1 hover-type-none\"><img decoding=\"async\" width=\"186\" height=\"130\" title=\"offis\" src=\"data:image\/svg+xml,%3Csvg%20xmlns%3D%27http%3A%2F%2Fwww.w3.org%2F2000%2Fsvg%27%20width%3D%27186%27%20height%3D%27130%27%20viewBox%3D%270%200%20186%20130%27%3E%3Crect%20width%3D%27186%27%20height%3D%27130%27%20fill-opacity%3D%220%22%2F%3E%3C%2Fsvg%3E\" data-orig-src=\"https:\/\/www.redispatch3.eu\/wp-content\/uploads\/2022\/03\/offis.png\" alt class=\"lazyload img-responsive wp-image-995\"\/><\/span><\/div><div class=\"fusion-text fusion-text-1\" style=\"--awb-content-alignment:justify;\"><h3>\u00dcber uns<\/h3>\n<p>Sie st\u00e4rken die Wirtschaft, sie helfen Menschen, und sie ver\u00e4ndern unser aller Leben: Innovationen. Von der Weiterentwicklung aktueller Informations- und Kommunikationstechnologien durch neue Ideen bis hin zur Marktreife ist der Weg jedoch oft lang. OFFIS ist die Abk\u00fcrzung.<\/p>\n<h3>Wissenstransfer<\/h3>\n<p>Ein schneller Wissenstransfer aus der Forschung in die Wirtschaft im Wettbewerb mit internationaler Konkurrenz ist die entscheidende Grundlage f\u00fcr das wirtschaftliche und damit auch soziale Wohlergehen eines Landes. Wir haben uns diesen Transfer zur Aufgabe gemacht: Als An-Institut der Carl von Ossietzky Universit\u00e4t Oldenburg setzt OFFIS seit seiner Gr\u00fcndung 1991 wissenschaftliches Know-how aus der Informatik in Prototypen um, die dann von Wirtschaftspartnern zu marktf\u00e4higen Produkten weiterentwickelt werden k\u00f6nnen. Damit leistet OFFIS f\u00fcr Unternehmen und Institutionen Forschung und prototypische Entwicklungsarbeit \u2013 und das auf h\u00f6chstem internationalem Niveau.<\/p>\n<h3>30 Jahre im Juli 2021<\/h3>\n<p>Seit nun schon 30 Jahren arbeitet OFFIS an L\u00f6sungen f\u00fcr die gesellschaftlichen Herausforderungen unserer Zeit. Unser Motto lautet daher auch unver\u00e4ndert: \u201eWir denken Zukunft\u201c. Wie wir dieses t\u00e4glich mit Leben f\u00fcllen, haben wir am 6. Juli 2021 coronabedingt in einem Livestream gezeigt. Eine Aufzeichnung des Streams stellen wir Ihnen hier zur Verf\u00fcgung.<\/p>\n<p>Adresse:<br \/>\nOFFIS e.V.<br \/>\nEscherweg 2<br \/>\n26121 Oldenburg<br \/>\nwww.offis.de<\/p>\n<\/div><\/div><\/div><div class=\"fusion-layout-column fusion_builder_column fusion-builder-column-1 fusion_builder_column_1_1 1_1 fusion-flex-column\" style=\"--awb-padding-right:5px;--awb-bg-size:cover;--awb-width-large:100%;--awb-margin-top-large:0px;--awb-spacing-right-large:0%;--awb-margin-bottom-large:20px;--awb-spacing-left-large:0%;--awb-width-medium:100%;--awb-order-medium:0;--awb-spacing-right-medium:1.92%;--awb-spacing-left-medium:1.92%;--awb-width-small:100%;--awb-order-small:0;--awb-spacing-right-small:1.92%;--awb-spacing-left-small:1.92%;\"><div class=\"fusion-column-wrapper fusion-column-has-shadow fusion-flex-justify-content-flex-start fusion-content-layout-column\"><div class=\"fusion-social-links fusion-social-links-1\" style=\"--awb-margin-top:10px;--awb-margin-right:0px;--awb-margin-bottom:10px;--awb-margin-left:0px;--awb-alignment:center;--awb-box-border-top:0px;--awb-box-border-right:0px;--awb-box-border-bottom:0px;--awb-box-border-left:0px;--awb-icon-colors-hover:var(--awb-custom_color_1);--awb-box-colors-hover:var(--awb-color1);--awb-box-border-color:var(--awb-color3);--awb-box-border-color-hover:var(--awb-color4);\"><div class=\"fusion-social-networks color-type-custom\"><div class=\"fusion-social-networks-wrapper\"><a class=\"fusion-social-network-icon fusion-tooltip fusion-facebook awb-icon-facebook\" style=\"color:var(--awb-color8);font-size:16px;\" data-placement=\"top\" data-title=\"Facebook\" data-toggle=\"tooltip\" title=\"Facebook\" aria-label=\"facebook\" target=\"_blank\" rel=\"noopener noreferrer\" href=\"https:\/\/www.facebook.com\/OFFISInformatik\"><\/a><a class=\"fusion-social-network-icon fusion-tooltip fusion-twitter awb-icon-twitter\" style=\"color:var(--awb-color8);font-size:16px;\" data-placement=\"top\" data-title=\"X\" data-toggle=\"tooltip\" title=\"X\" aria-label=\"twitter\" target=\"_blank\" rel=\"noopener noreferrer\" href=\"https:\/\/twitter.com\/offis\"><\/a><a class=\"fusion-social-network-icon fusion-tooltip fusion-linkedin awb-icon-linkedin\" style=\"color:var(--awb-color8);font-size:16px;\" data-placement=\"top\" data-title=\"LinkedIn\" data-toggle=\"tooltip\" title=\"LinkedIn\" aria-label=\"linkedin\" target=\"_blank\" rel=\"noopener noreferrer\" href=\"https:\/\/www.linkedin.com\/company\/offis-institute-for-information-technology\/\"><\/a><a class=\"fusion-social-network-icon fusion-tooltip fusion-xing awb-icon-xing\" style=\"color:var(--awb-color8);font-size:16px;\" data-placement=\"top\" data-title=\"Xing\" data-toggle=\"tooltip\" title=\"Xing\" aria-label=\"xing\" target=\"_blank\" rel=\"noopener noreferrer\" href=\"https:\/\/www.xing.com\/pages\/offis-institutfurinformatik\"><\/a><\/div><\/div><\/div><\/div><\/div><div class=\"fusion-layout-column fusion_builder_column fusion-builder-column-2 fusion_builder_column_1_3 1_3 fusion-flex-column fusion-flex-align-self-flex-start\" style=\"--awb-bg-size:cover;--awb-border-color:var(--awb-custom_color_1);--awb-border-style:solid;--awb-width-large:33.333333333333%;--awb-margin-top-large:0px;--awb-spacing-right-large:0%;--awb-margin-bottom-large:0px;--awb-spacing-left-large:0%;--awb-width-medium:100%;--awb-order-medium:0;--awb-spacing-right-medium:1.92%;--awb-spacing-left-medium:1.92%;--awb-width-small:100%;--awb-order-small:0;--awb-spacing-right-small:1.92%;--awb-spacing-left-small:1.92%;\"><div class=\"fusion-column-wrapper fusion-column-has-shadow fusion-flex-justify-content-flex-end fusion-content-layout-column\"><div class=\"fusion-separator fusion-full-width-sep\" style=\"align-self: center;margin-left: auto;margin-right: auto;margin-top:10px;margin-bottom:10px;width:100%;\"><div class=\"fusion-separator-border sep-shadow\" style=\"--awb-height:20px;--awb-amount:20px;background:radial-gradient(ellipse at 50% -50% , var(--awb-color2) 0px, rgba(255, 255, 255, 0) 80%) repeat scroll 0 0 rgba(0, 0, 0, 0);background:-webkit-radial-gradient(ellipse at 50% -50% , var(--awb-color2) 0px, rgba(255, 255, 255, 0) 80%) repeat scroll 0 0 rgba(0, 0, 0, 0);background:-moz-radial-gradient(ellipse at 50% -50% , var(--awb-color2) 0px, rgba(255, 255, 255, 0) 80%) repeat scroll 0 0 rgba(0, 0, 0, 0);background:-o-radial-gradient(ellipse at 50% -50% , var(--awb-color2) 0px, rgba(255, 255, 255, 0) 80%) repeat scroll 0 0 rgba(0, 0, 0, 0);\"><\/div><\/div><div class=\"fusion-person person fusion-person-left fusion-person-1 fusion-person-icon-top\" style=\"--awb-pic-style-color:var(--awb-color8);--awb-pic-borderradius:0px;--awb-margin-top:0px;--awb-margin-right:0px;--awb-margin-bottom:0px;--awb-margin-left:0px;--awb-social-box-border-top:0px;--awb-social-box-border-right:0px;--awb-social-box-border-bottom:0px;--awb-social-box-border-left:0px;--awb-social-box-border-color:var(--awb-color3);--awb-social-box-border-color-hover:var(--awb-color4);--awb-social-box-colors-hover:var(--awb-color3);--awb-social-icon-boxed-colors:var(--awb-color2);--awb-social-icon-colors:var(--awb-color3);--awb-social-icon-colors-hover:var(--awb-custom_color_1);\"><div class=\"person-desc\" style=\"background-color:#ffffff;padding:40px;margin-top:0;\"><div class=\"person-author\"><div class=\"person-author-wrapper\"><span class=\"person-name\">Carsten Kr\u00fcger<\/span><span class=\"person-title\"><\/span><\/div><\/div><div class=\"person-content fusion-clearfix\">Organisatorische Gesamtprojektleitung<\/div><\/div><\/div><div class=\"fusion-text fusion-text-2\"><p style=\"text-align: center;\">Email: <a href=\"\/de\/carsten.krueger@offis.de\/\">carsten.krueger@offis.de<\/a><br \/>\nTel: <a href=\"tel:+494419722733\">+494419722733<\/a><\/p>\n<\/div><div class=\"fusion-separator fusion-full-width-sep\" style=\"align-self: center;margin-left: auto;margin-right: auto;margin-bottom:10px;width:100%;\"><div class=\"fusion-separator-border sep-shadow\" style=\"--awb-height:20px;--awb-amount:20px;background:radial-gradient(ellipse at 50% -50% , var(--awb-color2) 0px, rgba(255, 255, 255, 0) 80%) repeat scroll 0 0 rgba(0, 0, 0, 0);background:-webkit-radial-gradient(ellipse at 50% -50% , var(--awb-color2) 0px, rgba(255, 255, 255, 0) 80%) repeat scroll 0 0 rgba(0, 0, 0, 0);background:-moz-radial-gradient(ellipse at 50% -50% , var(--awb-color2) 0px, rgba(255, 255, 255, 0) 80%) repeat scroll 0 0 rgba(0, 0, 0, 0);background:-o-radial-gradient(ellipse at 50% -50% , var(--awb-color2) 0px, rgba(255, 255, 255, 0) 80%) repeat scroll 0 0 rgba(0, 0, 0, 0);\"><\/div><\/div><\/div><\/div><div class=\"fusion-layout-column fusion_builder_column fusion-builder-column-3 fusion_builder_column_1_3 1_3 fusion-flex-column fusion-flex-align-self-flex-start\" style=\"--awb-bg-size:cover;--awb-border-color:var(--awb-custom_color_1);--awb-border-style:solid;--awb-width-large:33.333333333333%;--awb-margin-top-large:0px;--awb-spacing-right-large:0%;--awb-margin-bottom-large:0px;--awb-spacing-left-large:0%;--awb-width-medium:100%;--awb-order-medium:0;--awb-spacing-right-medium:1.92%;--awb-spacing-left-medium:1.92%;--awb-width-small:100%;--awb-order-small:0;--awb-spacing-right-small:1.92%;--awb-spacing-left-small:1.92%;\"><div class=\"fusion-column-wrapper fusion-column-has-shadow fusion-flex-justify-content-flex-end fusion-content-layout-column\"><div class=\"fusion-separator fusion-full-width-sep\" style=\"align-self: center;margin-left: auto;margin-right: auto;margin-top:10px;margin-bottom:10px;width:100%;\"><div class=\"fusion-separator-border sep-shadow\" style=\"--awb-height:20px;--awb-amount:20px;background:radial-gradient(ellipse at 50% -50% , var(--awb-color2) 0px, rgba(255, 255, 255, 0) 80%) repeat scroll 0 0 rgba(0, 0, 0, 0);background:-webkit-radial-gradient(ellipse at 50% -50% , var(--awb-color2) 0px, rgba(255, 255, 255, 0) 80%) repeat scroll 0 0 rgba(0, 0, 0, 0);background:-moz-radial-gradient(ellipse at 50% -50% , var(--awb-color2) 0px, rgba(255, 255, 255, 0) 80%) repeat scroll 0 0 rgba(0, 0, 0, 0);background:-o-radial-gradient(ellipse at 50% -50% , var(--awb-color2) 0px, rgba(255, 255, 255, 0) 80%) repeat scroll 0 0 rgba(0, 0, 0, 0);\"><\/div><\/div><div class=\"fusion-person person fusion-person-left fusion-person-2 fusion-person-icon-top\" style=\"--awb-pic-style-color:var(--awb-color8);--awb-pic-borderradius:3px;--awb-margin-top:0px;--awb-margin-right:0px;--awb-margin-bottom:0px;--awb-margin-left:0px;--awb-social-box-border-top:0px;--awb-social-box-border-right:0px;--awb-social-box-border-bottom:0px;--awb-social-box-border-left:0px;--awb-social-box-border-color:var(--awb-color3);--awb-social-box-border-color-hover:var(--awb-color4);--awb-social-box-colors-hover:var(--awb-color3);--awb-social-icon-boxed-colors:var(--awb-color2);--awb-social-icon-colors:var(--awb-color3);--awb-social-icon-colors-hover:var(--awb-custom_color_1);\"><div class=\"person-desc\" style=\"background-color:#ffffff;padding:40px;margin-top:0;\"><div class=\"person-author\"><div class=\"person-author-wrapper\"><span class=\"person-name\">Dr.-Ing Jirapa Kamsamrong<\/span><span class=\"person-title\"><\/span><\/div><\/div><div class=\"person-content fusion-clearfix\">Organisatorische Gesamtprojektleitung<\/div><\/div><\/div><div class=\"fusion-text fusion-text-3\"><p style=\"text-align: center;\">Email: <a href=\"mailto:jirapa.kamsamrong@offis.de\">jirapa.kamsamrong@offis.de<\/a><br \/>\nTel: <a href=\"tel:+494419722233\">+494419722233<\/a><\/p>\n<\/div><div class=\"fusion-separator fusion-full-width-sep\" style=\"align-self: center;margin-left: auto;margin-right: auto;margin-bottom:10px;width:100%;\"><div class=\"fusion-separator-border sep-shadow\" style=\"--awb-height:20px;--awb-amount:20px;background:radial-gradient(ellipse at 50% -50% , var(--awb-color2) 0px, rgba(255, 255, 255, 0) 80%) repeat scroll 0 0 rgba(0, 0, 0, 0);background:-webkit-radial-gradient(ellipse at 50% -50% , var(--awb-color2) 0px, rgba(255, 255, 255, 0) 80%) repeat scroll 0 0 rgba(0, 0, 0, 0);background:-moz-radial-gradient(ellipse at 50% -50% , var(--awb-color2) 0px, rgba(255, 255, 255, 0) 80%) repeat scroll 0 0 rgba(0, 0, 0, 0);background:-o-radial-gradient(ellipse at 50% -50% , var(--awb-color2) 0px, rgba(255, 255, 255, 0) 80%) repeat scroll 0 0 rgba(0, 0, 0, 0);\"><\/div><\/div><\/div><\/div><\/div><\/div>","protected":false},"excerpt":{"rendered":"","protected":false},"author":4,"featured_media":5248,"parent":3999,"menu_order":0,"comment_status":"closed","ping_status":"closed","template":"","meta":{"footnotes":""},"class_list":["post-1389","page","type-page","status-publish","has-post-thumbnail","hentry"],"yoast_head":"<!-- This site is optimized with the Yoast SEO plugin v27.6 - https:\/\/yoast.com\/product\/yoast-seo-wordpress\/ -->\n<title>OFFIS - Redispatch 3.0<\/title>\n<meta name=\"robots\" content=\"index, follow, max-snippet:-1, max-image-preview:large, max-video-preview:-1\" \/>\n<link rel=\"canonical\" href=\"https:\/\/www.redispatch3.eu\/de\/cooperation\/contact-offis\/\" \/>\n<meta property=\"og:locale\" content=\"de_DE\" \/>\n<meta property=\"og:type\" content=\"article\" \/>\n<meta property=\"og:title\" content=\"OFFIS - Redispatch 3.0\" \/>\n<meta property=\"og:url\" content=\"https:\/\/www.redispatch3.eu\/de\/cooperation\/contact-offis\/\" \/>\n<meta property=\"og:site_name\" content=\"Redispatch 3.0\" \/>\n<meta property=\"article:modified_time\" content=\"2022-06-22T21:35:09+00:00\" \/>\n<meta property=\"og:image\" content=\"https:\/\/www.redispatch3.eu\/wp-content\/uploads\/2022\/06\/OFFIS-Featured-e1654702722296.jpg\" \/>\n\t<meta property=\"og:image:width\" content=\"1392\" \/>\n\t<meta property=\"og:image:height\" content=\"379\" \/>\n\t<meta property=\"og:image:type\" content=\"image\/jpeg\" \/>\n<meta name=\"twitter:card\" content=\"summary_large_image\" \/>\n<meta name=\"twitter:label1\" content=\"Gesch\u00e4tzte Lesezeit\" \/>\n\t<meta name=\"twitter:data1\" content=\"10\u00a0Minuten\" \/>\n<script type=\"application\/ld+json\" class=\"yoast-schema-graph\">{\"@context\":\"https:\\\/\\\/schema.org\",\"@graph\":[{\"@type\":\"WebPage\",\"@id\":\"https:\\\/\\\/www.redispatch3.eu\\\/cooperation\\\/contact-offis\\\/\",\"url\":\"https:\\\/\\\/www.redispatch3.eu\\\/cooperation\\\/contact-offis\\\/\",\"name\":\"OFFIS - Redispatch 3.0\",\"isPartOf\":{\"@id\":\"https:\\\/\\\/www.redispatch3.eu\\\/#website\"},\"primaryImageOfPage\":{\"@id\":\"https:\\\/\\\/www.redispatch3.eu\\\/cooperation\\\/contact-offis\\\/#primaryimage\"},\"image\":{\"@id\":\"https:\\\/\\\/www.redispatch3.eu\\\/cooperation\\\/contact-offis\\\/#primaryimage\"},\"thumbnailUrl\":\"https:\\\/\\\/www.redispatch3.eu\\\/wp-content\\\/uploads\\\/2022\\\/06\\\/OFFIS-Featured-e1654702722296.jpg\",\"datePublished\":\"2022-05-23T11:35:21+00:00\",\"dateModified\":\"2022-06-22T21:35:09+00:00\",\"breadcrumb\":{\"@id\":\"https:\\\/\\\/www.redispatch3.eu\\\/cooperation\\\/contact-offis\\\/#breadcrumb\"},\"inLanguage\":\"de\",\"potentialAction\":[{\"@type\":\"ReadAction\",\"target\":[\"https:\\\/\\\/www.redispatch3.eu\\\/cooperation\\\/contact-offis\\\/\"]}]},{\"@type\":\"ImageObject\",\"inLanguage\":\"de\",\"@id\":\"https:\\\/\\\/www.redispatch3.eu\\\/cooperation\\\/contact-offis\\\/#primaryimage\",\"url\":\"https:\\\/\\\/www.redispatch3.eu\\\/wp-content\\\/uploads\\\/2022\\\/06\\\/OFFIS-Featured-e1654702722296.jpg\",\"contentUrl\":\"https:\\\/\\\/www.redispatch3.eu\\\/wp-content\\\/uploads\\\/2022\\\/06\\\/OFFIS-Featured-e1654702722296.jpg\",\"width\":1392,\"height\":379},{\"@type\":\"BreadcrumbList\",\"@id\":\"https:\\\/\\\/www.redispatch3.eu\\\/cooperation\\\/contact-offis\\\/#breadcrumb\",\"itemListElement\":[{\"@type\":\"ListItem\",\"position\":1,\"name\":\"Home\",\"item\":\"https:\\\/\\\/www.redispatch3.eu\\\/\"},{\"@type\":\"ListItem\",\"position\":2,\"name\":\"Research Cooperation\",\"item\":\"https:\\\/\\\/www.redispatch3.eu\\\/cooperation\\\/\"},{\"@type\":\"ListItem\",\"position\":3,\"name\":\"OFFIS\"}]},{\"@type\":\"WebSite\",\"@id\":\"https:\\\/\\\/www.redispatch3.eu\\\/#website\",\"url\":\"https:\\\/\\\/www.redispatch3.eu\\\/\",\"name\":\"Redispatch 3.0\",\"description\":\"Demonstration Project\",\"publisher\":{\"@id\":\"https:\\\/\\\/www.redispatch3.eu\\\/#organization\"},\"potentialAction\":[{\"@type\":\"SearchAction\",\"target\":{\"@type\":\"EntryPoint\",\"urlTemplate\":\"https:\\\/\\\/www.redispatch3.eu\\\/?s={search_term_string}\"},\"query-input\":{\"@type\":\"PropertyValueSpecification\",\"valueRequired\":true,\"valueName\":\"search_term_string\"}}],\"inLanguage\":\"de\"},{\"@type\":\"Organization\",\"@id\":\"https:\\\/\\\/www.redispatch3.eu\\\/#organization\",\"name\":\"Redispatch 3.0\",\"url\":\"https:\\\/\\\/www.redispatch3.eu\\\/\",\"logo\":{\"@type\":\"ImageObject\",\"inLanguage\":\"de\",\"@id\":\"https:\\\/\\\/www.redispatch3.eu\\\/#\\\/schema\\\/logo\\\/image\\\/\",\"url\":\"https:\\\/\\\/www.redispatch3.eu\\\/wp-content\\\/uploads\\\/2022\\\/06\\\/Logo-02-e1655844521516.jpg\",\"contentUrl\":\"https:\\\/\\\/www.redispatch3.eu\\\/wp-content\\\/uploads\\\/2022\\\/06\\\/Logo-02-e1655844521516.jpg\",\"width\":256,\"height\":256,\"caption\":\"Redispatch 3.0\"},\"image\":{\"@id\":\"https:\\\/\\\/www.redispatch3.eu\\\/#\\\/schema\\\/logo\\\/image\\\/\"},\"sameAs\":[\"https:\\\/\\\/www.linkedin.com\\\/company\\\/redispatch3-0\\\/\"]}]}<\/script>\n<!-- \/ Yoast SEO plugin. -->","yoast_head_json":{"title":"OFFIS - Redispatch 3.0","robots":{"index":"index","follow":"follow","max-snippet":"max-snippet:-1","max-image-preview":"max-image-preview:large","max-video-preview":"max-video-preview:-1"},"canonical":"https:\/\/www.redispatch3.eu\/de\/cooperation\/contact-offis\/","og_locale":"de_DE","og_type":"article","og_title":"OFFIS - Redispatch 3.0","og_url":"https:\/\/www.redispatch3.eu\/de\/cooperation\/contact-offis\/","og_site_name":"Redispatch 3.0","article_modified_time":"2022-06-22T21:35:09+00:00","og_image":[{"width":1392,"height":379,"url":"https:\/\/www.redispatch3.eu\/wp-content\/uploads\/2022\/06\/OFFIS-Featured-e1654702722296.jpg","type":"image\/jpeg"}],"twitter_card":"summary_large_image","twitter_misc":{"Gesch\u00e4tzte Lesezeit":"10\u00a0Minuten"},"schema":{"@context":"https:\/\/schema.org","@graph":[{"@type":"WebPage","@id":"https:\/\/www.redispatch3.eu\/cooperation\/contact-offis\/","url":"https:\/\/www.redispatch3.eu\/cooperation\/contact-offis\/","name":"OFFIS - Redispatch 3.0","isPartOf":{"@id":"https:\/\/www.redispatch3.eu\/#website"},"primaryImageOfPage":{"@id":"https:\/\/www.redispatch3.eu\/cooperation\/contact-offis\/#primaryimage"},"image":{"@id":"https:\/\/www.redispatch3.eu\/cooperation\/contact-offis\/#primaryimage"},"thumbnailUrl":"https:\/\/www.redispatch3.eu\/wp-content\/uploads\/2022\/06\/OFFIS-Featured-e1654702722296.jpg","datePublished":"2022-05-23T11:35:21+00:00","dateModified":"2022-06-22T21:35:09+00:00","breadcrumb":{"@id":"https:\/\/www.redispatch3.eu\/cooperation\/contact-offis\/#breadcrumb"},"inLanguage":"de","potentialAction":[{"@type":"ReadAction","target":["https:\/\/www.redispatch3.eu\/cooperation\/contact-offis\/"]}]},{"@type":"ImageObject","inLanguage":"de","@id":"https:\/\/www.redispatch3.eu\/cooperation\/contact-offis\/#primaryimage","url":"https:\/\/www.redispatch3.eu\/wp-content\/uploads\/2022\/06\/OFFIS-Featured-e1654702722296.jpg","contentUrl":"https:\/\/www.redispatch3.eu\/wp-content\/uploads\/2022\/06\/OFFIS-Featured-e1654702722296.jpg","width":1392,"height":379},{"@type":"BreadcrumbList","@id":"https:\/\/www.redispatch3.eu\/cooperation\/contact-offis\/#breadcrumb","itemListElement":[{"@type":"ListItem","position":1,"name":"Home","item":"https:\/\/www.redispatch3.eu\/"},{"@type":"ListItem","position":2,"name":"Research Cooperation","item":"https:\/\/www.redispatch3.eu\/cooperation\/"},{"@type":"ListItem","position":3,"name":"OFFIS"}]},{"@type":"WebSite","@id":"https:\/\/www.redispatch3.eu\/#website","url":"https:\/\/www.redispatch3.eu\/","name":"Redispatch 3.0","description":"Demonstrationsprojekt","publisher":{"@id":"https:\/\/www.redispatch3.eu\/#organization"},"potentialAction":[{"@type":"SearchAction","target":{"@type":"EntryPoint","urlTemplate":"https:\/\/www.redispatch3.eu\/?s={search_term_string}"},"query-input":{"@type":"PropertyValueSpecification","valueRequired":true,"valueName":"search_term_string"}}],"inLanguage":"de"},{"@type":"Organization","@id":"https:\/\/www.redispatch3.eu\/#organization","name":"Redispatch 3.0","url":"https:\/\/www.redispatch3.eu\/","logo":{"@type":"ImageObject","inLanguage":"de","@id":"https:\/\/www.redispatch3.eu\/#\/schema\/logo\/image\/","url":"https:\/\/www.redispatch3.eu\/wp-content\/uploads\/2022\/06\/Logo-02-e1655844521516.jpg","contentUrl":"https:\/\/www.redispatch3.eu\/wp-content\/uploads\/2022\/06\/Logo-02-e1655844521516.jpg","width":256,"height":256,"caption":"Redispatch 3.0"},"image":{"@id":"https:\/\/www.redispatch3.eu\/#\/schema\/logo\/image\/"},"sameAs":["https:\/\/www.linkedin.com\/company\/redispatch3-0\/"]}]}},"_links":{"self":[{"href":"https:\/\/www.redispatch3.eu\/de\/wp-json\/wp\/v2\/pages\/1389","targetHints":{"allow":["GET"]}}],"collection":[{"href":"https:\/\/www.redispatch3.eu\/de\/wp-json\/wp\/v2\/pages"}],"about":[{"href":"https:\/\/www.redispatch3.eu\/de\/wp-json\/wp\/v2\/types\/page"}],"author":[{"embeddable":true,"href":"https:\/\/www.redispatch3.eu\/de\/wp-json\/wp\/v2\/users\/4"}],"replies":[{"embeddable":true,"href":"https:\/\/www.redispatch3.eu\/de\/wp-json\/wp\/v2\/comments?post=1389"}],"version-history":[{"count":15,"href":"https:\/\/www.redispatch3.eu\/de\/wp-json\/wp\/v2\/pages\/1389\/revisions"}],"predecessor-version":[{"id":5253,"href":"https:\/\/www.redispatch3.eu\/de\/wp-json\/wp\/v2\/pages\/1389\/revisions\/5253"}],"up":[{"embeddable":true,"href":"https:\/\/www.redispatch3.eu\/de\/wp-json\/wp\/v2\/pages\/3999"}],"wp:featuredmedia":[{"embeddable":true,"href":"https:\/\/www.redispatch3.eu\/de\/wp-json\/wp\/v2\/media\/5248"}],"wp:attachment":[{"href":"https:\/\/www.redispatch3.eu\/de\/wp-json\/wp\/v2\/media?parent=1389"}],"curies":[{"name":"wp","href":"https:\/\/api.w.org\/{rel}","templated":true}]}}